{"id":85,"date":"2024-09-17T09:54:30","date_gmt":"2024-09-17T07:54:30","guid":{"rendered":"https:\/\/www2.attnet.de\/?page_id=85"},"modified":"2024-09-17T12:41:12","modified_gmt":"2024-09-17T10:41:12","slug":"85-2","status":"publish","type":"page","link":"https:\/\/www2.attnet.de\/?page_id=85","title":{"rendered":"Support \/ Hilfe"},"content":{"rendered":"<p>[et_pb_section fb_built=&#8220;1&#8243; _builder_version=&#8220;4.23.4&#8243; _module_preset=&#8220;default&#8220; global_colors_info=&#8220;{}&#8220;][et_pb_row _builder_version=&#8220;4.23.4&#8243; _module_preset=&#8220;default&#8220; global_colors_info=&#8220;{}&#8220;][et_pb_column type=&#8220;4_4&#8243; _builder_version=&#8220;4.23.4&#8243; _module_preset=&#8220;default&#8220; global_colors_info=&#8220;{}&#8220;][et_pb_text _builder_version=&#8220;4.23.4&#8243; _module_preset=&#8220;default&#8220; global_colors_info=&#8220;{}&#8220;]<\/p>\n<h2><strong>AttNet RustDesk Client (AttNetRDC) Download<\/strong><\/h2>\n<p><span style=\"font-size: large;\"><br \/>Mit diesem Tool ist das Ingenieurb\u00fcro AttNet in der Lage,<\/span><br \/><span style=\"font-size: large;\">dem Kunden sofort zu helfen, ohne daf\u00fcr vor Ort sein zu m\u00fcssen.<\/span><\/p>\n<p><span style=\"font-size: large;\">Sie k\u00f6nnen das Tool hier herunterladen :<\/span><\/p>\n<p><a href=\"\/Downloads\/AttNetRDC.exe\"><span style=\"font-size: 18px;\">AttNet RustDesk Client (AttNetRDC)<\/span><\/a><\/p>\n<p><span style=\"font-size: large;\">Starten sie dieses dann nach Aufforderung durch einen unserer Mitarbeiter.<\/span><\/p>\n<p>[\/et_pb_text][\/et_pb_column][\/et_pb_row][\/et_pb_section]<\/p>\n","protected":false},"excerpt":{"rendered":"<p>AttNet RustDesk Client (AttNetRDC) Download Mit diesem Tool ist das Ingenieurb\u00fcro AttNet in der Lage,dem Kunden sofort zu helfen, ohne daf\u00fcr vor Ort sein zu m\u00fcssen. Sie k\u00f6nnen das Tool hier herunterladen : AttNet RustDesk Client (AttNetRDC) Starten sie dieses dann nach Aufforderung durch einen unserer Mitarbeiter.<\/p>\n","protected":false},"author":1,"featured_media":0,"parent":0,"menu_order":0,"comment_status":"closed","ping_status":"closed","template":"","meta":{"_et_pb_use_builder":"on","_et_pb_old_content":"","_et_gb_content_width":"","footnotes":""},"class_list":["post-85","page","type-page","status-publish","hentry"],"_links":{"self":[{"href":"https:\/\/www2.attnet.de\/index.php?rest_route=\/wp\/v2\/pages\/85","targetHints":{"allow":["GET"]}}],"collection":[{"href":"https:\/\/www2.attnet.de\/index.php?rest_route=\/wp\/v2\/pages"}],"about":[{"href":"https:\/\/www2.attnet.de\/index.php?rest_route=\/wp\/v2\/types\/page"}],"author":[{"embeddable":true,"href":"https:\/\/www2.attnet.de\/index.php?rest_route=\/wp\/v2\/users\/1"}],"replies":[{"embeddable":true,"href":"https:\/\/www2.attnet.de\/index.php?rest_route=%2Fwp%2Fv2%2Fcomments&post=85"}],"version-history":[{"count":8,"href":"https:\/\/www2.attnet.de\/index.php?rest_route=\/wp\/v2\/pages\/85\/revisions"}],"predecessor-version":[{"id":94,"href":"https:\/\/www2.attnet.de\/index.php?rest_route=\/wp\/v2\/pages\/85\/revisions\/94"}],"wp:attachment":[{"href":"https:\/\/www2.attnet.de\/index.php?rest_route=%2Fwp%2Fv2%2Fmedia&parent=85"}],"curies":[{"name":"wp","href":"https:\/\/api.w.org\/{rel}","templated":true}]}}